{"id":17070,"date":"2026-04-01T01:43:08","date_gmt":"2026-04-01T01:43:08","guid":{"rendered":"https:\/\/sobless.com.br\/?page_id=17070"},"modified":"2026-04-02T04:03:41","modified_gmt":"2026-04-02T04:03:41","slug":"privacidade-de-conteudo","status":"publish","type":"page","link":"https:\/\/sobless.com.br\/oficial\/privacidade-de-conteudo\/","title":{"rendered":"Privacidade de Conte\u00fado"},"content":{"rendered":"<div data-elementor-type=\"wp-page\" data-elementor-id=\"17070\" class=\"elementor elementor-17070\" data-elementor-settings=\"{&quot;ha_cmc_init_switcher&quot;:&quot;no&quot;}\" data-elementor-post-type=\"page\">\n\t\t\t\t<div class=\"elementor-element elementor-element-9cda8a8 e-flex e-con-boxed e-con e-parent\" data-id=\"9cda8a8\" data-element_type=\"container\" data-settings=\"{&quot;_ha_eqh_enable&quot;:false}\">\n\t\t\t\t\t<div class=\"e-con-inner\">\n\t\t\t\t<div class=\"elementor-element elementor-element-2bc786b7 elementor-widget elementor-widget-text-editor\" data-id=\"2bc786b7\" data-element_type=\"widget\" data-widget_type=\"text-editor.default\">\n\t\t\t\t\t\t\t\t\t\n<h2 class=\"wp-block-heading\">Quem somos<\/h2>\n\n<p>O endere\u00e7o do nosso site \u00e9: https:\/\/sobless.com.br\/<\/p>\n\n<h2 class=\"wp-block-heading\">Coment\u00e1rios<\/h2>\n\n<p>Quando os visitantes deixam coment\u00e1rios no site, coletamos os dados exibidos no formul\u00e1rio de coment\u00e1rios, bem como o endere\u00e7o IP do visitante e a sequ\u00eancia do agente do usu\u00e1rio do navegador para ajudar na detec\u00e7\u00e3o de spam.<\/p>\n<p>Uma sequ\u00eancia anonimizada criada a partir do seu endere\u00e7o de e-mail (tamb\u00e9m chamada de hash) pode ser fornecida ao servi\u00e7o Gravatar para verificar se voc\u00ea o est\u00e1 utilizando. Ap\u00f3s a aprova\u00e7\u00e3o do seu coment\u00e1rio, sua foto de perfil ficar\u00e1 vis\u00edvel ao p\u00fablico no contexto do seu coment\u00e1rio.<\/p>\n\n<h2 class=\"wp-block-heading\">M\u00eddia<\/h2>\n\n<p>Ao enviar imagens para o site, evite incluir dados de localiza\u00e7\u00e3o (EXIF GPS) nas imagens. Visitantes do site podem baixar e extrair esses dados das imagens.<\/p>\n\n<h2 class=\"wp-block-heading\">Cookies<\/h2>\n\n<p>Ao deixar um coment\u00e1rio em nosso site, voc\u00ea pode optar por salvar seu nome, endere\u00e7o de e-mail e site em cookies. Isso facilita o processo, evitando que voc\u00ea precise preencher seus dados novamente ao deixar outro coment\u00e1rio. Esses cookies t\u00eam validade de um ano.<\/p>\n<p>Ao visitar nossa p\u00e1gina de login, definiremos um cookie tempor\u00e1rio para verificar se seu navegador aceita cookies. Este cookie n\u00e3o cont\u00e9m dados pessoais e \u00e9 descartado ao fechar o navegador.<\/p>\n<p>Ao fazer login, tamb\u00e9m configuraremos v\u00e1rios cookies para salvar suas informa\u00e7\u00f5es de login e suas prefer\u00eancias de exibi\u00e7\u00e3o de tela. Os cookies de login duram dois dias e os cookies de op\u00e7\u00f5es de tela duram um ano. Se voc\u00ea selecionar &#8220;Lembrar-me&#8221;, seu login persistir\u00e1 por duas semanas. Ao sair da sua conta, os cookies de login ser\u00e3o removidos.<\/p>\n<p>Ao editar ou publicar um artigo, um cookie adicional ser\u00e1 salvo em seu navegador. Este cookie n\u00e3o cont\u00e9m dados pessoais e simplesmente indica o ID da publica\u00e7\u00e3o do artigo que voc\u00ea acabou de editar. Ele expira ap\u00f3s 1 dia.<\/p>\n\n<h2 class=\"wp-block-heading\">Conte\u00fado incorporado de outros sites<\/h2>\n\n<p>Os artigos neste site podem incluir conte\u00fado incorporado (por exemplo, v\u00eddeos, imagens, artigos, etc.). O conte\u00fado incorporado de outros sites comporta-se exatamente da mesma forma como se o visitante tivesse visitado o outro site.<\/p>\n<p>Esses sites podem coletar dados sobre voc\u00ea, usar cookies, incorporar rastreamento adicional de terceiros e monitorar sua intera\u00e7\u00e3o com esse conte\u00fado incorporado, incluindo o rastreamento da sua intera\u00e7\u00e3o com o conte\u00fado incorporado se voc\u00ea tiver uma conta e estiver conectado a esse site.<\/p>\n\n<h2 class=\"wp-block-heading\">Com quem compartilhamos seus dados<\/h2>\n\n<p>Se voc\u00ea solicitar a redefini\u00e7\u00e3o de senha, seu endere\u00e7o IP ser\u00e1 inclu\u00eddo no e-mail de redefini\u00e7\u00e3o.<\/p>\n\n<h2 class=\"wp-block-heading\">Por quanto tempo retemos seus dados<\/h2>\n\n<p>Se voc\u00ea deixar um coment\u00e1rio, o coment\u00e1rio e seus metadados ser\u00e3o retidos indefinidamente. Isso nos permite reconhecer e aprovar automaticamente quaisquer coment\u00e1rios subsequentes, em vez de mant\u00ea-los em uma fila de modera\u00e7\u00e3o.<\/p>\n<p>Para usu\u00e1rios que se registram em nosso site (se houver), tamb\u00e9m armazenamos as informa\u00e7\u00f5es pessoais que eles fornecem em seu perfil de usu\u00e1rio. Todos os usu\u00e1rios podem visualizar, editar ou excluir suas informa\u00e7\u00f5es pessoais a qualquer momento (exceto o nome de usu\u00e1rio). Os administradores do site tamb\u00e9m podem visualizar e editar essas informa\u00e7\u00f5es.<\/p>\n\n<h2 class=\"wp-block-heading\">Quais s\u00e3o os seus direitos sobre os seus dados?<\/h2>\n\n<p>Se voc\u00ea possui uma conta neste site ou deixou coment\u00e1rios, pode solicitar um arquivo exportado com os dados pessoais que mantemos sobre voc\u00ea, incluindo quaisquer dados que voc\u00ea nos forneceu. Voc\u00ea tamb\u00e9m pode solicitar que apaguemos quaisquer dados pessoais que mantemos sobre voc\u00ea. Isso n\u00e3o inclui dados que somos obrigados a manter para fins administrativos, legais ou de seguran\u00e7a.<\/p>\n\n<h2 class=\"wp-block-heading\">Para onde seus dados s\u00e3o enviados<\/h2>\n\n<p>Os coment\u00e1rios dos visitantes podem ser verificados por meio de um servi\u00e7o automatizado de detec\u00e7\u00e3o de spam.<\/p>\n\n<p>\u00a0<\/p>\t\t\t\t\t\t\t\t<\/div>\n\t\t\t\t\t<\/div>\n\t\t\t\t<\/div>\n\t\t\t\t<\/div>","protected":false},"excerpt":{"rendered":"<p>Quem somos O endere\u00e7o do nosso site \u00e9: https:\/\/sobless.com.br\/ Coment\u00e1rios Quando os visitantes deixam coment\u00e1rios no site, coletamos os dados exibidos no formul\u00e1rio de coment\u00e1rios, bem como o endere\u00e7o IP do visitante e a sequ\u00eancia do agente do usu\u00e1rio do navegador para ajudar na detec\u00e7\u00e3o de spam. Uma sequ\u00eancia anonimizada criada&#8230;<\/p>","protected":false},"author":34,"featured_media":0,"parent":0,"menu_order":0,"comment_status":"closed","ping_status":"closed","template":"","meta":{"_acf_changed":false,"footnotes":""},"class_list":["post-17070","page","type-page","status-publish","hentry"],"acf":[],"_links":{"self":[{"href":"https:\/\/sobless.com.br\/oficial\/wp-json\/wp\/v2\/pages\/17070","targetHints":{"allow":["GET"]}}],"collection":[{"href":"https:\/\/sobless.com.br\/oficial\/wp-json\/wp\/v2\/pages"}],"about":[{"href":"https:\/\/sobless.com.br\/oficial\/wp-json\/wp\/v2\/types\/page"}],"author":[{"embeddable":true,"href":"https:\/\/sobless.com.br\/oficial\/wp-json\/wp\/v2\/users\/34"}],"replies":[{"embeddable":true,"href":"https:\/\/sobless.com.br\/oficial\/wp-json\/wp\/v2\/comments?post=17070"}],"version-history":[{"count":4,"href":"https:\/\/sobless.com.br\/oficial\/wp-json\/wp\/v2\/pages\/17070\/revisions"}],"predecessor-version":[{"id":17109,"href":"https:\/\/sobless.com.br\/oficial\/wp-json\/wp\/v2\/pages\/17070\/revisions\/17109"}],"wp:attachment":[{"href":"https:\/\/sobless.com.br\/oficial\/wp-json\/wp\/v2\/media?parent=17070"}],"curies":[{"name":"wp","href":"https:\/\/api.w.org\/{rel}","templated":true}]}}